{"id":3579,"date":"2018-10-06T12:43:24","date_gmt":"2018-10-06T12:43:24","guid":{"rendered":"http:\/\/naturheilpraxis-kittelmann.de\/?page_id=3579"},"modified":"2019-07-08T12:36:03","modified_gmt":"2019-07-08T12:36:03","slug":"bewegungslehre","status":"publish","type":"page","link":"https:\/\/naturheilpraxis-kittelmann.de\/?page_id=3579","title":{"rendered":"Bewegungslehre"},"content":{"rendered":"\n[et_pb_section fb_built=&#8220;1&#8243; fullwidth=&#8220;on&#8220; _builder_version=&#8220;3.22.3&#8243;][et_pb_fullwidth_image src=&#8220;https:\/\/naturheilpraxis-kittelmann.de\/wp-content\/uploads\/2018\/10\/Slider_Bewegungslehre_Kittelmann.png&#8220; _builder_version=&#8220;3.12.2&#8243;][\/et_pb_fullwidth_image][\/et_pb_section][et_pb_section fb_built=&#8220;1&#8243; _builder_version=&#8220;3.22.3&#8243;][et_pb_row _builder_version=&#8220;3.25&#8243; background_size=&#8220;initial&#8220; background_position=&#8220;top_left&#8220; background_repeat=&#8220;repeat&#8220;][et_pb_column type=&#8220;4_4&#8243; _builder_version=&#8220;3.25&#8243; custom_padding=&#8220;|||&#8220; custom_padding__hover=&#8220;|||&#8220;][et_pb_text _builder_version=&#8220;3.12.2&#8243;]<p><span style=\"color: #000000;\">Seit vielen Jahren befasse ich mich mit unterschiedlichen Bewegungs- und Kampfkunstsystemen. Ob Judo, Feldenkrais, Karate, QiGong, Taiji, Rolfing, WingTsun, Yoga, LnB Motion, FascialFitness,&#8230; immer steht die Arbeit am und mit Menschen und das Ziel eines beweglicheren K\u00f6rpers im Vordergrund. Dabei lerne ich auch immer wieder neue Aufgabenstellung mit Patienten und Teilnehmern kennen.\u00a0<\/span><\/p>\n<p><span style=\"color: #000000;\">Wie wichtig die eigene Beweglichkeit ist, stellen wir oft erst fest, wenn sie nicht mehr vorhanden ist.<\/span><\/p>\n<p><span style=\"color: #000000;\">Die Schulter &#8222;klemmt&#8220; und l\u00e4sst sich nicht mehr so recht heben, Socken k\u00f6nnen nur noch im Sitzen angezogen werden, in Jacke oder Mantel kommen wir nur mit Hilfe und Wandern macht auch keinen Spa\u00df mehr, weil die Beine schmerzen.<\/span><\/p>\n<p><span style=\"color: #000000;\">F\u00fcr mich ist das kein Ausdruck von Alter, Abnutzung, Verschlei\u00df oder \u201eLaufleistung von Gelenken\u201c. Es sind meist schlicht untrainierte oder \u00fcberforderte Regionen, die ihren Dienst einstellen.<\/span><\/p>\n<p><span style=\"color: #000000;\"><\/span><\/p>\n<h5><span style=\"color: #000000;\">Die gute Nachricht: dagegen kann man etwas tun!<\/span><\/h5>\n<h5><span style=\"color: #000000;\">Die schlechte Nachricht: man muss es selbst machen!<\/span><\/h5>\n<p><span style=\"color: #000000;\"><\/span><\/p>\n<p><span style=\"color: #000000;\">Leider lassen sich k\u00f6rperliche \u00dcbungen nicht delegieren, das w\u00e4re ja auch wahrlich zu sch\u00f6n \ud83d\ude42 <\/span><span style=\"color: #000000;\">Die L\u00f6sung ist: selbst aktiv werden!!<\/span><\/p>\n<p><span style=\"color: #000000;\">In Workshops, Seminaren und Kursen teile ich meine Faszination f\u00fcr Bewegung mit Anderen. Ganz egal ob Sie sich selbst als Anf\u00e4nger oder Fortgeschritten sehen \u2013 f\u00fcr alle gibt es M\u00f6glichkeiten das eigene Workout zu optimieren.<\/span><\/p>\n<p><span style=\"color: #000000;\"><\/span><\/p>\n<p><span style=\"color: #000000;\">Ich begleite Sie gerne tatkr\u00e4ftig und mit modernen und erprobten Bewegungen auf Ihrem Weg zu mehr Beweglichkeit.<\/span><\/p>[\/et_pb_text][\/et_pb_column][\/et_pb_row][\/et_pb_section]\n","protected":false},"excerpt":{"rendered":"","protected":false},"author":1,"featured_media":0,"parent":3472,"menu_order":0,"comment_status":"closed","ping_status":"closed","template":"","meta":{"_et_pb_use_builder":"on","_et_pb_old_content":""},"_links":{"self":[{"href":"https:\/\/naturheilpraxis-kittelmann.de\/index.php?rest_route=\/wp\/v2\/pages\/3579"}],"collection":[{"href":"https:\/\/naturheilpraxis-kittelmann.de\/index.php?rest_route=\/wp\/v2\/pages"}],"about":[{"href":"https:\/\/naturheilpraxis-kittelmann.de\/index.php?rest_route=\/wp\/v2\/types\/page"}],"author":[{"embeddable":true,"href":"https:\/\/naturheilpraxis-kittelmann.de\/index.php?rest_route=\/wp\/v2\/users\/1"}],"replies":[{"embeddable":true,"href":"https:\/\/naturheilpraxis-kittelmann.de\/index.php?rest_route=%2Fwp%2Fv2%2Fcomments&post=3579"}],"version-history":[{"count":11,"href":"https:\/\/naturheilpraxis-kittelmann.de\/index.php?rest_route=\/wp\/v2\/pages\/3579\/revisions"}],"predecessor-version":[{"id":3747,"href":"https:\/\/naturheilpraxis-kittelmann.de\/index.php?rest_route=\/wp\/v2\/pages\/3579\/revisions\/3747"}],"up":[{"embeddable":true,"href":"https:\/\/naturheilpraxis-kittelmann.de\/index.php?rest_route=\/wp\/v2\/pages\/3472"}],"wp:attachment":[{"href":"https:\/\/naturheilpraxis-kittelmann.de\/index.php?rest_route=%2Fwp%2Fv2%2Fmedia&parent=3579"}],"curies":[{"name":"wp","href":"https:\/\/api.w.org\/{rel}","templated":true}]}}