{"id":3501,"date":"2018-09-29T11:02:53","date_gmt":"2018-09-29T11:02:53","guid":{"rendered":"http:\/\/naturheilpraxis-kittelmann.de\/?page_id=3501"},"modified":"2018-11-15T19:04:44","modified_gmt":"2018-11-15T19:04:44","slug":"2018-schmerztherapie","status":"publish","type":"page","link":"https:\/\/naturheilpraxis-kittelmann.de\/?page_id=3501","title":{"rendered":"Schmerztherapie"},"content":{"rendered":"<p>[et_pb_section bb_built=&#8220;1&#8243; fullwidth=&#8220;on&#8220; specialty=&#8220;off&#8220; next_background_color=&#8220;#000000&#8243;][et_pb_fullwidth_image _builder_version=&#8220;3.12.2&#8243; src=&#8220;https:\/\/naturheilpraxis-kittelmann.de\/wp-content\/uploads\/2018\/10\/Slider_Schmerztherapie_Kittelmann.png&#8220; \/][\/et_pb_section][et_pb_section bb_built=&#8220;1&#8243; _builder_version=&#8220;3.12.2&#8243; prev_background_color=&#8220;#000000&#8243; next_background_color=&#8220;#000000&#8243;][et_pb_row][et_pb_column type=&#8220;4_4&#8243;][et_pb_text _builder_version=&#8220;3.12.2&#8243;]<\/p>\n<p><span style=\"color: #000000;\">Heute wird bei der \u00fcberwiegenden Mehrheit von Verletzungen der Ausl\u00f6ser der Beschwerden nicht mehr im Bereich der Muskelfasern, Bandscheiben, Knochen oder Gelenken gesehen, sondern in den faserigen Bereichen des Bindegewebes &#8211; den Faszien.<\/span><\/p>\n<p><span style=\"color: #000000;\">In meiner Praxis behandle ich deshalb vorwiegend nach dem von Stephen Typaldos, einem amerikanischen Notfallmediziner und Osteopathen, entwickelten <a style=\"color: #000000;\" href=\"http:\/\/fdm-europe.com\/\">Fasziendistorsionsmodell (FDM)<\/a>. Typaldos entdeckte durch empirische Forschung an seinen Patienten, dass die Ursachen f\u00fcr Schmerzen und Bewegungseinschr\u00e4nkungen am Bewegungsapparat auf Ver\u00e4nderungen der Faszien zur\u00fcckzuf\u00fchren sind.\u00a0Er beschrieb dabei sechs verschiedene Verformungen (Distorsionen). Neben den von ihm als <b>Triggerb\u00e4nder<\/b> bezeichneten Verklebungen von Faszienb\u00fcndeln sind dies <b>Kontinuumdistorsionen<\/b>, bei denen sich Teile der kn\u00f6chernen und der bandartigen Konfiguration ineinander verhaken. Dies sind meist vom Patienten deutlich bestimmbare Punkte in Knochen- oder Gelenksn\u00e4he. <b>Zylinderdistorsionen<\/b> beschrieb Typaldos als Verformungen der oberfl\u00e4chlichen Faszienschichten, die meist als fl\u00e4chig und mit deutlich ausgepr\u00e4gter Schmerzsymptomatik vom Patienten gezeigt werden. <b>Einfaltungen<\/b><b> und Entfaltungen<\/b> von Faszienmembranen, die sich etwa nach einem Sturz in einem Gelenk bilden k\u00f6nnen, lassen sich durch Schmerzgestik und Hergang des Traumas bestimmen. Als letzte Distorsion nannte er die sogenannte <b>Tektonik<\/b>, hierbei handelt es sich um Steifigkeit zumeist ohne Schmerzen.<\/span><\/p>\n<p><span style=\"color: #000000;\">Das FDM ist methodenneutral, d.h. es kommen verschiedene Techniken zum Einsatz, die so oder \u00e4hnlich auch in anderen Therapien angewendet werden. Bsp. in der Osteopathie, der Chirotherapie, dem Rolfing, der Triggertherapie, der Craniosacralen K\u00f6rpertherapie, Dorn-Breuss, und anderen.<\/span><\/p>\n<p><span style=\"color: #000000;\"><strong>Effektive Schmerztherapie<\/strong> bedeutet f\u00fcr mich, Schmerzursachen aufzudecken und zu beheben. Mein Ziel ist es, innerhalb des ersten Termins eine Linderung Ihrer Beschwerden zu erreichen.<\/span><\/p>\n<p>[\/et_pb_text][\/et_pb_column][\/et_pb_row][\/et_pb_section][et_pb_section bb_built=&#8220;1&#8243; fullwidth=&#8220;on&#8220; specialty=&#8220;off&#8220; prev_background_color=&#8220;#000000&#8243; next_background_color=&#8220;#000000&#8243;][et_pb_fullwidth_slider _builder_version=&#8220;3.12.2&#8243; background_color=&#8220;#fcfcfc&#8220; text_orientation=&#8220;justified&#8220; header_font_size=&#8220;40&#8243; body_font=&#8220;|500|||||||&#8220; header_level=&#8220;h4&#8243;][et_pb_slide _builder_version=&#8220;3.12.2&#8243; button_link=&#8220;#&#8220; image=&#8220;https:\/\/naturheilpraxis-kittelmann.de\/wp-content\/uploads\/2016\/02\/Schmerztherapie_Behandlung_007a.jpg&#8220; background_color=&#8220;#f9f9f9&#8243; use_background_color_gradient=&#8220;off&#8220; background_color_gradient_start=&#8220;#2b87da&#8220; background_color_gradient_end=&#8220;#29c4a9&#8243; background_color_gradient_type=&#8220;linear&#8220; background_color_gradient_direction=&#8220;180deg&#8220; background_color_gradient_direction_radial=&#8220;center&#8220; background_color_gradient_start_position=&#8220;0%&#8220; background_color_gradient_end_position=&#8220;100%&#8220; background_color_gradient_overlays_image=&#8220;off&#8220; parallax=&#8220;off&#8220; parallax_method=&#8220;on&#8220; background_size=&#8220;cover&#8220; background_position=&#8220;center&#8220; background_repeat=&#8220;no-repeat&#8220; background_blend=&#8220;normal&#8220; allow_player_pause=&#8220;off&#8220; background_video_pause_outside_viewport=&#8220;on&#8220; use_bg_overlay=&#8220;off&#8220; use_text_overlay=&#8220;off&#8220; text_border_radius=&#8220;3&#8243; alignment=&#8220;center&#8220; child_filter_hue_rotate=&#8220;0deg&#8220; child_filter_saturate=&#8220;100%&#8220; child_filter_brightness=&#8220;100%&#8220; child_filter_contrast=&#8220;100%&#8220; child_filter_invert=&#8220;0%&#8220; child_filter_sepia=&#8220;0%&#8220; child_filter_opacity=&#8220;100%&#8220; child_filter_blur=&#8220;0px&#8220; child_mix_blend_mode=&#8220;normal&#8220; background_layout=&#8220;dark&#8220; text_shadow_style=&#8220;none&#8220; header_text_shadow_style=&#8220;none&#8220; body_text_shadow_style=&#8220;none&#8220; button_text_shadow_style=&#8220;none&#8220; box_shadow_style_button=&#8220;none&#8220; text_shadow_horizontal_length=&#8220;0em&#8220; text_shadow_vertical_length=&#8220;0em&#8220; text_shadow_blur_strength=&#8220;0em&#8220; header_text_shadow_horizontal_length=&#8220;0em&#8220; header_text_shadow_vertical_length=&#8220;0em&#8220; header_text_shadow_blur_strength=&#8220;0em&#8220; body_text_shadow_horizontal_length=&#8220;0em&#8220; body_text_shadow_vertical_length=&#8220;0.1em&#8220; body_text_shadow_blur_strength=&#8220;0.1em&#8220; button_text_shadow_horizontal_length=&#8220;0em&#8220; button_text_shadow_vertical_length=&#8220;0em&#8220; button_text_shadow_blur_strength=&#8220;0em&#8220; custom_button=&#8220;off&#8220; button_bg_use_color_gradient=&#8220;off&#8220; button_bg_color_gradient_overlays_image=&#8220;off&#8220; button_use_icon=&#8220;on&#8220; button_on_hover=&#8220;on&#8220; heading=&#8220;R\u00fcckenbeschwerden&#8220; body_text_color=&#8220;#444444&#8243; body_font_size_tablet=&#8220;12&#8243; body_font_size_phone=&#8220;12&#8243; header_text_color=&#8220;#cccccc&#8220; body_font=&#8220;||||||||&#8220;]<\/p>\n<p>Schmerzen im R\u00fccken sind h\u00e4ufig auf Verklebungen entlang der Wirbels\u00e4ule zur\u00fcckzuf\u00fchren. Sie lassen sich beispielsweise durch eine kr\u00e4ftige Behandlung der betroffenen Faszien korrigieren.<\/p>\n<p>[\/et_pb_slide][et_pb_slide _builder_version=&#8220;3.12.2&#8243; button_link=&#8220;#&#8220; image=&#8220;https:\/\/naturheilpraxis-kittelmann.de\/wp-content\/uploads\/2016\/02\/Schmerztherapie_Behandlung_005.jpg&#8220; background_color=&#8220;#f9f9f9&#8243; use_background_color_gradient=&#8220;off&#8220; background_color_gradient_start=&#8220;#2b87da&#8220; background_color_gradient_end=&#8220;#29c4a9&#8243; background_color_gradient_type=&#8220;linear&#8220; background_color_gradient_direction=&#8220;180deg&#8220; background_color_gradient_direction_radial=&#8220;center&#8220; background_color_gradient_start_position=&#8220;0%&#8220; background_color_gradient_end_position=&#8220;100%&#8220; background_color_gradient_overlays_image=&#8220;off&#8220; parallax=&#8220;off&#8220; parallax_method=&#8220;on&#8220; background_size=&#8220;cover&#8220; background_position=&#8220;center&#8220; background_repeat=&#8220;no-repeat&#8220; background_blend=&#8220;normal&#8220; allow_player_pause=&#8220;off&#8220; background_video_pause_outside_viewport=&#8220;on&#8220; use_bg_overlay=&#8220;off&#8220; use_text_overlay=&#8220;off&#8220; text_border_radius=&#8220;3&#8243; alignment=&#8220;center&#8220; child_filter_hue_rotate=&#8220;0deg&#8220; child_filter_saturate=&#8220;100%&#8220; child_filter_brightness=&#8220;100%&#8220; child_filter_contrast=&#8220;100%&#8220; child_filter_invert=&#8220;0%&#8220; child_filter_sepia=&#8220;0%&#8220; child_filter_opacity=&#8220;100%&#8220; child_filter_blur=&#8220;0px&#8220; child_mix_blend_mode=&#8220;normal&#8220; background_layout=&#8220;dark&#8220; text_shadow_style=&#8220;none&#8220; header_text_shadow_style=&#8220;none&#8220; body_text_shadow_style=&#8220;none&#8220; button_text_shadow_style=&#8220;none&#8220; box_shadow_style_button=&#8220;none&#8220; text_shadow_horizontal_length=&#8220;0em&#8220; text_shadow_vertical_length=&#8220;0em&#8220; text_shadow_blur_strength=&#8220;0em&#8220; header_text_shadow_horizontal_length=&#8220;0em&#8220; header_text_shadow_vertical_length=&#8220;0em&#8220; header_text_shadow_blur_strength=&#8220;0em&#8220; body_text_shadow_horizontal_length=&#8220;0em&#8220; body_text_shadow_vertical_length=&#8220;0.1em&#8220; body_text_shadow_blur_strength=&#8220;0.1em&#8220; button_text_shadow_horizontal_length=&#8220;0em&#8220; button_text_shadow_vertical_length=&#8220;0em&#8220; button_text_shadow_blur_strength=&#8220;0em&#8220; custom_button=&#8220;off&#8220; button_bg_use_color_gradient=&#8220;off&#8220; button_bg_color_gradient_overlays_image=&#8220;off&#8220; button_use_icon=&#8220;on&#8220; button_on_hover=&#8220;on&#8220; heading=&#8220;Schulterbeschwerden&#8220; body_text_color=&#8220;#444444&#8243; body_font_size_tablet=&#8220;12&#8243; body_font_size_phone=&#8220;12&#8243; header_text_color=&#8220;#cccccc&#8220; body_font=&#8220;||||||||&#8220;]<\/p>\n<p>Liegen Schmerzen und Bewegungseinschr\u00e4nkungen in der Schulter vor, sind h\u00e4ufig verformte Faszien zu finden. Neben Verklebungen kommen auch Zylinderdistorsionen oder Faltungen vor.<\/p>\n<p>[\/et_pb_slide][et_pb_slide _builder_version=&#8220;3.12.2&#8243; button_link=&#8220;#&#8220; image=&#8220;https:\/\/naturheilpraxis-kittelmann.de\/wp-content\/uploads\/2016\/02\/Schmerztherapie_Behandlung_006.jpg&#8220; background_color=&#8220;#f9f9f9&#8243; use_background_color_gradient=&#8220;off&#8220; background_color_gradient_start=&#8220;#2b87da&#8220; background_color_gradient_end=&#8220;#29c4a9&#8243; background_color_gradient_type=&#8220;linear&#8220; background_color_gradient_direction=&#8220;180deg&#8220; background_color_gradient_direction_radial=&#8220;center&#8220; background_color_gradient_start_position=&#8220;0%&#8220; background_color_gradient_end_position=&#8220;100%&#8220; background_color_gradient_overlays_image=&#8220;off&#8220; parallax=&#8220;off&#8220; parallax_method=&#8220;on&#8220; background_size=&#8220;cover&#8220; background_position=&#8220;center&#8220; background_repeat=&#8220;no-repeat&#8220; background_blend=&#8220;normal&#8220; allow_player_pause=&#8220;off&#8220; background_video_pause_outside_viewport=&#8220;on&#8220; use_bg_overlay=&#8220;off&#8220; use_text_overlay=&#8220;off&#8220; text_border_radius=&#8220;3&#8243; alignment=&#8220;center&#8220; child_filter_hue_rotate=&#8220;0deg&#8220; child_filter_saturate=&#8220;100%&#8220; child_filter_brightness=&#8220;100%&#8220; child_filter_contrast=&#8220;100%&#8220; child_filter_invert=&#8220;0%&#8220; child_filter_sepia=&#8220;0%&#8220; child_filter_opacity=&#8220;100%&#8220; child_filter_blur=&#8220;0px&#8220; child_mix_blend_mode=&#8220;normal&#8220; background_layout=&#8220;dark&#8220; text_shadow_style=&#8220;none&#8220; header_text_shadow_style=&#8220;none&#8220; body_text_shadow_style=&#8220;none&#8220; button_text_shadow_style=&#8220;none&#8220; box_shadow_style_button=&#8220;none&#8220; text_shadow_horizontal_length=&#8220;0em&#8220; text_shadow_vertical_length=&#8220;0em&#8220; text_shadow_blur_strength=&#8220;0em&#8220; header_text_shadow_horizontal_length=&#8220;0em&#8220; header_text_shadow_vertical_length=&#8220;0em&#8220; header_text_shadow_blur_strength=&#8220;0em&#8220; body_text_shadow_horizontal_length=&#8220;0em&#8220; body_text_shadow_vertical_length=&#8220;0.1em&#8220; body_text_shadow_blur_strength=&#8220;0.1em&#8220; button_text_shadow_horizontal_length=&#8220;0em&#8220; button_text_shadow_vertical_length=&#8220;0em&#8220; button_text_shadow_blur_strength=&#8220;0em&#8220; heading=&#8220;Kopf-\/Nacken Beschwerden&#8220; body_text_color=&#8220;#444444&#8243; body_font_size_tablet=&#8220;12&#8243; body_font_size_phone=&#8220;12&#8243; header_text_color=&#8220;#cccccc&#8220; body_font=&#8220;||||||||&#8220; custom_button=&#8220;off&#8220; button_bg_use_color_gradient=&#8220;off&#8220; button_bg_color_gradient_overlays_image=&#8220;off&#8220; button_use_icon=&#8220;on&#8220; button_on_hover=&#8220;on&#8220;]<\/p>\n<p>Bei Kopf oder Nackenschmerzen finden sich meist Schmerzhafte Punkte am Hinterhaupt, auch Verklebungen entlang der Wirbels\u00e4ule spielen oft eine Rolle.<\/p>\n<p>[\/et_pb_slide][et_pb_slide _builder_version=&#8220;3.12.2&#8243; button_link=&#8220;#&#8220; image=&#8220;https:\/\/naturheilpraxis-kittelmann.de\/wp-content\/uploads\/2016\/02\/Schmerztherapie_Behandlung_002.jpg&#8220; background_color=&#8220;#f9f9f9&#8243; use_background_color_gradient=&#8220;off&#8220; background_color_gradient_start=&#8220;#2b87da&#8220; background_color_gradient_end=&#8220;#29c4a9&#8243; background_color_gradient_type=&#8220;linear&#8220; background_color_gradient_direction=&#8220;180deg&#8220; background_color_gradient_direction_radial=&#8220;center&#8220; background_color_gradient_start_position=&#8220;0%&#8220; background_color_gradient_end_position=&#8220;100%&#8220; background_color_gradient_overlays_image=&#8220;off&#8220; parallax=&#8220;off&#8220; parallax_method=&#8220;on&#8220; background_size=&#8220;cover&#8220; background_position=&#8220;center&#8220; background_repeat=&#8220;no-repeat&#8220; background_blend=&#8220;normal&#8220; allow_player_pause=&#8220;off&#8220; background_video_pause_outside_viewport=&#8220;on&#8220; use_bg_overlay=&#8220;off&#8220; use_text_overlay=&#8220;off&#8220; text_border_radius=&#8220;3&#8243; alignment=&#8220;center&#8220; child_filter_hue_rotate=&#8220;0deg&#8220; child_filter_saturate=&#8220;100%&#8220; child_filter_brightness=&#8220;100%&#8220; child_filter_contrast=&#8220;100%&#8220; child_filter_invert=&#8220;0%&#8220; child_filter_sepia=&#8220;0%&#8220; child_filter_opacity=&#8220;100%&#8220; child_filter_blur=&#8220;0px&#8220; child_mix_blend_mode=&#8220;normal&#8220; background_layout=&#8220;dark&#8220; text_shadow_style=&#8220;none&#8220; header_text_shadow_style=&#8220;none&#8220; body_text_shadow_style=&#8220;none&#8220; button_text_shadow_style=&#8220;none&#8220; box_shadow_style_button=&#8220;none&#8220; text_shadow_horizontal_length=&#8220;0em&#8220; text_shadow_vertical_length=&#8220;0em&#8220; text_shadow_blur_strength=&#8220;0em&#8220; header_text_shadow_horizontal_length=&#8220;0em&#8220; header_text_shadow_vertical_length=&#8220;0em&#8220; header_text_shadow_blur_strength=&#8220;0em&#8220; body_text_shadow_horizontal_length=&#8220;0em&#8220; body_text_shadow_vertical_length=&#8220;0.1em&#8220; body_text_shadow_blur_strength=&#8220;0.1em&#8220; button_text_shadow_horizontal_length=&#8220;0em&#8220; button_text_shadow_vertical_length=&#8220;0em&#8220; button_text_shadow_blur_strength=&#8220;0em&#8220; heading=&#8220;Kniebeschwerden&#8220; body_text_color=&#8220;#444444&#8243; body_font_size_tablet=&#8220;12&#8243; body_font_size_phone=&#8220;12&#8243; header_text_color=&#8220;#cccccc&#8220; body_font=&#8220;||||||||&#8220; custom_button=&#8220;off&#8220; button_bg_use_color_gradient=&#8220;off&#8220; button_bg_color_gradient_overlays_image=&#8220;off&#8220; button_use_icon=&#8220;on&#8220; button_on_hover=&#8220;on&#8220;]<\/p>\n<p>Bei Schmerzen in den Knien k\u00f6nnen verschiedene Distorsionen der Ausl\u00f6ser sein. Oft finden sich punktuelle Schmerzpunkte am Knochen, auch Faltungen im Gelenk sind nicht selten.<\/p>\n<p>[\/et_pb_slide][\/et_pb_fullwidth_slider][\/et_pb_section][et_pb_section bb_built=&#8220;1&#8243; _builder_version=&#8220;3.12.2&#8243; prev_background_color=&#8220;#000000&#8243; next_background_color=&#8220;#000000&#8243;][et_pb_row][et_pb_column type=&#8220;4_4&#8243;][et_pb_text _builder_version=&#8220;3.12.2&#8243;]<\/p>\n<p><span style=\"color: #000000;\">Sie k\u00f6nnen sich mit allen Beschwerden, St\u00f6rungen und Schmerzen des Bewegungsapparates an mich wenden. Wenn Sie als Patient zu mir kommen, erhebe ich zuerst die Anamnese und es folgt eine gr\u00fcndliche Untersuchung. So kann die Ursache f\u00fcr Ihre Beschwerden bestimmt und ein individuelles Behandlungskonzept erarbeitet werden. Gemeinsam besprechen wir den daraus resultierenden Behandlungsplan.<\/span><\/p>\n<p><strong><span style=\"color: #000000;\">Ablauf<\/span><\/strong><br \/>\n<span style=\"color: #000000;\">Im Vordergrund einer Behandlung in meiner Praxis steht die Erhebung einer speziellen FDM Diagnose, die aus drei Bereichen besteht. Neben Anamnese und Untersuchung spielt die Beobachtung und Interpretation der Schmerzgesten des Patienten eine zentrale Rolle. So k\u00f6nnen die unterschiedlichen Faszienverformungen bestimmt und in den meisten F\u00e4llen direkt korrigiert werden. Durch den Wechsel von Frage &#8211; Behandlung &#8211; Test , Frage &#8211; Behandlung &#8211; Test, \u2026 werden die einzelnen Distorsionen nach und nach aufgedeckt.<\/span><\/p>\n<p><span style=\"color: #000000;\">Nach Bedarf wird zur weiteren Verbesserung der Symptomatik eine speziell angepasste \u00dcbung mit konkreter Ausf\u00fchrungsanleitung gezeigt und mitgegeben.<\/span><\/p>\n<p><strong><span style=\"color: #000000;\">Ziel jeder Behandlung ist die Schmerzfreiheit meiner Patienten.<\/span><\/strong><\/p>\n<p>[\/et_pb_text][\/et_pb_column][\/et_pb_row][\/et_pb_section][et_pb_section bb_built=&#8220;1&#8243; fullwidth=&#8220;on&#8220; specialty=&#8220;off&#8220; next_background_color=&#8220;#000000&#8243; prev_background_color=&#8220;#000000&#8243;][et_pb_fullwidth_image _builder_version=&#8220;3.12.2&#8243; src=&#8220;https:\/\/naturheilpraxis-kittelmann.de\/wp-content\/uploads\/2018\/11\/VollbreitesBild_GrafikFaszien_gruenVerlauf-3.png&#8220; \/][\/et_pb_section][et_pb_section bb_built=&#8220;1&#8243; _builder_version=&#8220;3.12.2&#8243; prev_background_color=&#8220;#000000&#8243;][et_pb_row][et_pb_column type=&#8220;4_4&#8243;][et_pb_text _builder_version=&#8220;3.12.2&#8243;]<\/p>\n<p><span style=\"color: #000000;\">Als Faszien werden alle Komponenten des Bindegewebes bezeichnet, die den gesamten K\u00f6rper als sch\u00fctzendes und verbindendes Netzwerk durchziehen. Ihre Bedeutung r\u00fcckt dabei mehr und mehr in den Vordergrund.\u00a0F\u00fcr die Erhaltung und Steigerung der k\u00f6rperlichen Gesundheit und der Beweglichkeit ist es von gro\u00dfer Bedeutung, diesem faszialen Netzwerk eine erh\u00f6hte Aufmerksamkeit zu schenken.<\/span><\/p>\n<p><span style=\"color: #000000;\">Ist das Fasernetz der Faszien intakt, also geschmeidig und belastbar, k\u00f6nnen allt\u00e4gliche Bewegungen schmerzfrei und uneingeschr\u00e4nkt ausgef\u00fchrt werden. Damit ein hochelastischer, rei\u00dffester und widerstandsf\u00e4higer Faszienk\u00f6rper entsteht, bedarf es eines modernen Trainingsprogramms, das die aktuellen Erkenntnisse aus der Faszienforschung und dem Leistungssport integriert.<\/span><\/p>\n<p>[\/et_pb_text][\/et_pb_column][\/et_pb_row][\/et_pb_section]<\/p>\n","protected":false},"excerpt":{"rendered":"<p>[et_pb_section bb_built=&#8220;1&#8243; fullwidth=&#8220;on&#8220; specialty=&#8220;off&#8220; next_background_color=&#8220;#000000&#8243;][et_pb_fullwidth_image _builder_version=&#8220;3.12.2&#8243; src=&#8220;https:\/\/naturheilpraxis-kittelmann.de\/wp-content\/uploads\/2018\/10\/Slider_Schmerztherapie_Kittelmann.png&#8220; \/][\/et_pb_section][et_pb_section bb_built=&#8220;1&#8243; _builder_version=&#8220;3.12.2&#8243; prev_background_color=&#8220;#000000&#8243; next_background_color=&#8220;#000000&#8243;][et_pb_row][et_pb_column type=&#8220;4_4&#8243;][et_pb_text _builder_version=&#8220;3.12.2&#8243;] Heute wird bei der \u00fcberwiegenden Mehrheit von Verletzungen der Ausl\u00f6ser der Beschwerden nicht mehr im Bereich der Muskelfasern, Bandscheiben, Knochen oder Gelenken gesehen, sondern in den faserigen Bereichen des Bindegewebes &#8211; den Faszien. In meiner Praxis behandle ich deshalb vorwiegend nach [&hellip;]<\/p>\n","protected":false},"author":1,"featured_media":0,"parent":3472,"menu_order":0,"comment_status":"closed","ping_status":"closed","template":"","meta":{"_et_pb_use_builder":"on","_et_pb_old_content":""},"_links":{"self":[{"href":"https:\/\/naturheilpraxis-kittelmann.de\/index.php?rest_route=\/wp\/v2\/pages\/3501"}],"collection":[{"href":"https:\/\/naturheilpraxis-kittelmann.de\/index.php?rest_route=\/wp\/v2\/pages"}],"about":[{"href":"https:\/\/naturheilpraxis-kittelmann.de\/index.php?rest_route=\/wp\/v2\/types\/page"}],"author":[{"embeddable":true,"href":"https:\/\/naturheilpraxis-kittelmann.de\/index.php?rest_route=\/wp\/v2\/users\/1"}],"replies":[{"embeddable":true,"href":"https:\/\/naturheilpraxis-kittelmann.de\/index.php?rest_route=%2Fwp%2Fv2%2Fcomments&post=3501"}],"version-history":[{"count":83,"href":"https:\/\/naturheilpraxis-kittelmann.de\/index.php?rest_route=\/wp\/v2\/pages\/3501\/revisions"}],"predecessor-version":[{"id":3740,"href":"https:\/\/naturheilpraxis-kittelmann.de\/index.php?rest_route=\/wp\/v2\/pages\/3501\/revisions\/3740"}],"up":[{"embeddable":true,"href":"https:\/\/naturheilpraxis-kittelmann.de\/index.php?rest_route=\/wp\/v2\/pages\/3472"}],"wp:attachment":[{"href":"https:\/\/naturheilpraxis-kittelmann.de\/index.php?rest_route=%2Fwp%2Fv2%2Fmedia&parent=3501"}],"curies":[{"name":"wp","href":"https:\/\/api.w.org\/{rel}","templated":true}]}}