{"id":1759,"date":"2018-09-29T10:25:38","date_gmt":"2018-09-29T10:25:38","guid":{"rendered":"http:\/\/naturheilpraxis-kittelmann.de\/?page_id=1759"},"modified":"2020-08-21T13:22:20","modified_gmt":"2020-08-21T13:22:20","slug":"2018-impressum","status":"publish","type":"page","link":"https:\/\/naturheilpraxis-kittelmann.de\/?page_id=1759","title":{"rendered":"Impressum"},"content":{"rendered":"<p>[et_pb_section fb_built=&#8220;1&#8243; _builder_version=&#8220;3.22&#8243;][et_pb_row _builder_version=&#8220;3.25&#8243; background_size=&#8220;initial&#8220; background_position=&#8220;top_left&#8220; background_repeat=&#8220;repeat&#8220;][et_pb_column type=&#8220;4_4&#8243; _builder_version=&#8220;3.25&#8243; custom_padding=&#8220;|||&#8220; custom_padding__hover=&#8220;|||&#8220;][et_pb_text _builder_version=&#8220;3.27.4&#8243;]<\/p>\n<h1><span style=\"color: #000000;\"><b>Impressum<\/b><\/span><\/h1>\n<h3><span style=\"color: #000000;\"><b>Pflichtangaben gem\u00e4\u00df \u00a7 5 TMG:<\/b><\/span><\/h3>\n<p><span style=\"color: #000000;\">Lorenz Kittelmann<\/span><br \/> <span style=\"color: #000000;\">Heilpraktiker<\/span><br \/> <span style=\"color: #000000;\">Tulpenweg 18<\/span><br \/> <span style=\"color: #000000;\">74199 Untergruppenbach<\/span><br \/> <span style=\"color: #000000;\">Telefon: 07131 645 33 90<\/span><br \/> <span style=\"color: #000000;\">E-Mail: <a style=\"color: #000000;\" href=\"info@naturheilpraxis-kittelmann.de\">info[AT]naturheilpraxis-kittelmann[PUNKT]de<\/a><\/span><br \/> <span style=\"color: #000000;\"><a style=\"color: #000000;\" href=\"http:\/\/naturheilpraxis-kittelmann.de\/\">https:\/\/naturheilpraxis-kittelmann.de<\/a><\/span><\/p>\n<p><span style=\"color: #000000;\"><b>Gesetzliche Berufsbezeichnung:<\/b> Heilpraktiker (verliehen in Deutschland am 04.05.06 durch Gesundheitsamt Heilbronn)<\/span><\/p>\n<p><span style=\"color: #000000;\"><b>Rechtsgrundlagen:<\/b><\/span><br \/> <span style=\"color: #000000;\">Die berufsrechtliche Regelung bildet das &#8222;Gesetz \u00fcber die berufsm\u00e4\u00dfige Aus\u00fcbung der Heilkunde ohne Bestallung&#8220; (Heilpraktikergesetz) vom 17.02.1939, ge\u00e4ndert durch Art. 53 des EGStGB vom 02.03.1974.<\/span><\/p>\n<p><span style=\"color: #000000;\">Gesetz \u00fcber die berufsm\u00e4\u00dfige Aus\u00fcbung der Heilkunde ohne Bestallung (Heilpraktikergesetz, BGBl. III 2122-2)<\/span><br \/> <span style=\"color: #000000;\"><a style=\"color: #000000;\" href=\"https:\/\/www.gesetze-im-internet.de\/heilprg\/BJNR002510939.html\">https:\/\/www.gesetze-im-internet.de\/heilprg\/BJNR002510939.html<\/a><\/span><\/p>\n<p><span style=\"color: #000000;\">Durchf\u00fchrungsverordnung zum Heilpraktikergesetz (BGBl. III 2122-2-1)<\/span><br \/> <span style=\"color: #000000;\"><a style=\"color: #000000;\" href=\"https:\/\/www.gesetze-im-internet.de\/heilprgdv_1\/BJNR002590939.html\">https:\/\/www.gesetze-im-internet.de\/heilprgdv_1\/BJNR002590939.html<\/a><\/span><\/p>\n<p><span style=\"color: #000000;\"><b>Aufsichtsbeh\u00f6rde:<br \/> <\/b>Landratsamt Heilbronn<\/span><br \/> <span style=\"color: #000000;\">Gesundheitsamt<\/span><br \/> <span style=\"color: #000000;\">Lerchenstra\u00dfe 40<\/span><br \/> <span style=\"color: #000000;\">74072 Heilbronn<\/span><\/p>\n<p>&nbsp;<\/p>\n<h3><span style=\"color: #000000;\"><b>Haftungsausschluss (Disclaimer)<\/b><\/span><\/h3>\n<p><span style=\"color: #000000;\"><b>Haftung f\u00fcr Inhalte<\/b><\/span><\/p>\n<p><span style=\"color: #000000;\">Als Diensteanbieter bin ich gem\u00e4\u00df \u00a7 7 Abs.1 TMG f\u00fcr eigene Inhalte auf diesen Seiten nach den allgemeinen Gesetzen verantwortlich. Nach \u00a7\u00a7 8 bis 10 TMG bin ich als Diensteanbieter jedoch nicht verpflichtet, \u00fcbermittelte oder gespeicherte fremde Informationen zu \u00fcberwachen oder nach Umst\u00e4nden zu forschen, die auf eine rechtswidrige T\u00e4tigkeit hinweisen. Verpflichtungen zur Entfernung oder Sperrung der Nutzung von Informationen nach den allgemeinen Gesetzen bleiben hiervon unber\u00fchrt. Eine diesbez\u00fcgliche Haftung ist jedoch erst ab dem Zeitpunkt der Kenntnis einer konkreten Rechtsverletzung m\u00f6glich. Bei Bekanntwerden von entsprechenden Rechtsverletzungen werde ich diese Inhalte umgehend entfernen.<\/span><\/p>\n<p><span style=\"color: #000000;\"><b>Haftung f\u00fcr Links<\/b><\/span><\/p>\n<p><span style=\"color: #000000;\">Mein Angebot enth\u00e4lt Links zu externen Webseiten Dritter, auf deren Inhalte ich keinen Einfluss habe. Deshalb kann ich f\u00fcr diese fremden Inhalte auch keine Gew\u00e4hr \u00fcbernehmen. F\u00fcr die Inhalte der verlinkten Seiten ist stets der jeweilige Anbieter oder Betreiber der Seiten verantwortlich. Die verlinkten Seiten wurden zum Zeitpunkt der Verlinkung auf m\u00f6gliche Rechtsverst\u00f6\u00dfe \u00fcberpr\u00fcft. Rechtswidrige Inhalte waren zum Zeitpunkt der Verlinkung nicht erkennbar. Eine permanente inhaltliche Kontrolle der verlinkten Seiten ist jedoch ohne konkrete Anhaltspunkte einer Rechtsverletzung nicht zumutbar. Bei Bekanntwerden von Rechtsverletzungen werde ich derartige Links umgehend entfernen.<\/span><\/p>\n<h3><span style=\"color: #000000;\"><b>Urheberrecht<\/b><\/span><\/h3>\n<p><span style=\"color: #000000;\">Die durch die Seitenbetreiber erstellten Inhalte und Werke auf diesen Seiten unterliegen dem deutschen Urheberrecht. Die Vervielf\u00e4ltigung, Bearbeitung, Verbreitung und jede Art der Verwertung au\u00dferhalb der Grenzen des Urheberrechtes bed\u00fcrfen der schriftlichen Zustimmung des jeweiligen Autors bzw. Erstellers. Downloads und Kopien dieser Seite sind nur f\u00fcr den privaten, nicht kommerziellen Gebrauch gestattet. Soweit die Inhalte auf dieser Seite nicht vom Betreiber erstellt wurden, werden die Urheberrechte Dritter beachtet. Insbesondere werden Inhalte Dritter als solche gekennzeichnet. Sollten Sie trotzdem auf eine Urheberrechtsverletzung aufmerksam werden, bitte ich um einen entsprechenden Hinweis. Bei Bekanntwerden von Rechtsverletzungen werde ich derartige Inhalte umgehend entfernen.<\/span><\/p>\n<p>[\/et_pb_text][\/et_pb_column][\/et_pb_row][\/et_pb_section]<\/p>\n","protected":false},"excerpt":{"rendered":"<p>[et_pb_section fb_built=&#8220;1&#8243; _builder_version=&#8220;3.22&#8243;][et_pb_row _builder_version=&#8220;3.25&#8243; background_size=&#8220;initial&#8220; background_position=&#8220;top_left&#8220; background_repeat=&#8220;repeat&#8220;][et_pb_column type=&#8220;4_4&#8243; _builder_version=&#8220;3.25&#8243; custom_padding=&#8220;|||&#8220; custom_padding__hover=&#8220;|||&#8220;][et_pb_text _builder_version=&#8220;3.27.4&#8243;] Impressum Pflichtangaben gem\u00e4\u00df \u00a7 5 TMG: Lorenz Kittelmann Heilpraktiker Tulpenweg 18 74199 Untergruppenbach Telefon: 07131 645 33 90 E-Mail: info[AT]naturheilpraxis-kittelmann[PUNKT]de https:\/\/naturheilpraxis-kittelmann.de Gesetzliche Berufsbezeichnung: Heilpraktiker (verliehen in Deutschland am 04.05.06 durch Gesundheitsamt Heilbronn) Rechtsgrundlagen: Die berufsrechtliche Regelung bildet das &#8222;Gesetz \u00fcber die berufsm\u00e4\u00dfige Aus\u00fcbung [&hellip;]<\/p>\n","protected":false},"author":1,"featured_media":0,"parent":0,"menu_order":0,"comment_status":"closed","ping_status":"closed","template":"","meta":{"_et_pb_use_builder":"on","_et_pb_old_content":""},"_links":{"self":[{"href":"https:\/\/naturheilpraxis-kittelmann.de\/index.php?rest_route=\/wp\/v2\/pages\/1759"}],"collection":[{"href":"https:\/\/naturheilpraxis-kittelmann.de\/index.php?rest_route=\/wp\/v2\/pages"}],"about":[{"href":"https:\/\/naturheilpraxis-kittelmann.de\/index.php?rest_route=\/wp\/v2\/types\/page"}],"author":[{"embeddable":true,"href":"https:\/\/naturheilpraxis-kittelmann.de\/index.php?rest_route=\/wp\/v2\/users\/1"}],"replies":[{"embeddable":true,"href":"https:\/\/naturheilpraxis-kittelmann.de\/index.php?rest_route=%2Fwp%2Fv2%2Fcomments&post=1759"}],"version-history":[{"count":6,"href":"https:\/\/naturheilpraxis-kittelmann.de\/index.php?rest_route=\/wp\/v2\/pages\/1759\/revisions"}],"predecessor-version":[{"id":3765,"href":"https:\/\/naturheilpraxis-kittelmann.de\/index.php?rest_route=\/wp\/v2\/pages\/1759\/revisions\/3765"}],"wp:attachment":[{"href":"https:\/\/naturheilpraxis-kittelmann.de\/index.php?rest_route=%2Fwp%2Fv2%2Fmedia&parent=1759"}],"curies":[{"name":"wp","href":"https:\/\/api.w.org\/{rel}","templated":true}]}}